{"id":7066,"date":"2026-01-23T11:03:32","date_gmt":"2026-01-23T11:03:32","guid":{"rendered":"https:\/\/www.inproinnova.es\/?page_id=7066"},"modified":"2026-01-23T11:04:44","modified_gmt":"2026-01-23T11:04:44","slug":"formulario-candidatura-premios-e-goverment-2025","status":"publish","type":"page","link":"https:\/\/www.inproinnova.es\/index.php\/formulario-candidatura-premios-e-goverment-2025\/","title":{"rendered":"Formulario Candidatura Premios E-Goverment 2025"},"content":{"rendered":"<p>[vc_row][vc_column][vc_column_text]<\/p>\n<div class=\"wpcf7 no-js\" id=\"wpcf7-f7068-o1\" lang=\"es-ES\" dir=\"ltr\" data-wpcf7-id=\"7068\">\n<div class=\"screen-reader-response\"><p role=\"status\" aria-live=\"polite\" aria-atomic=\"true\"><\/p> <ul><\/ul><\/div>\n<form action=\"\/index.php\/wp-json\/wp\/v2\/pages\/7066#wpcf7-f7068-o1\" method=\"post\" class=\"wpcf7-form init\" aria-label=\"Formulario de contacto\" enctype=\"multipart\/form-data\" novalidate=\"novalidate\" data-status=\"init\">\n<fieldset class=\"hidden-fields-container\"><input type=\"hidden\" name=\"_wpcf7\" value=\"7068\" \/><input type=\"hidden\" name=\"_wpcf7_version\" value=\"6.1.1\" \/><input type=\"hidden\" name=\"_wpcf7_locale\" value=\"es_ES\" \/><input type=\"hidden\" name=\"_wpcf7_unit_tag\" value=\"wpcf7-f7068-o1\" \/><input type=\"hidden\" name=\"_wpcf7_container_post\" value=\"0\" \/><input type=\"hidden\" name=\"_wpcf7_posted_data_hash\" value=\"\" \/><input type=\"hidden\" name=\"_wpcf7_recaptcha_response\" value=\"\" \/>\n<\/fieldset>\n<p><br \/>\n<b>NOMBRE:<\/b>\n<\/p>\n<p><span class=\"wpcf7-form-control-wrap\" data-name=\"nombre\"><input size=\"40\" maxlength=\"400\" class=\"wpcf7-form-control wpcf7-text wpcf7-validates-as-required\" aria-required=\"true\" aria-invalid=\"false\" placeholder=\"Nombre *\" value=\"\" type=\"text\" name=\"nombre\" \/><\/span>\n<\/p>\n<p><b>APELLIDOS<\/b>\n<\/p>\n<p><span class=\"wpcf7-form-control-wrap\" data-name=\"apellidos\"><input size=\"40\" maxlength=\"400\" class=\"wpcf7-form-control wpcf7-text wpcf7-validates-as-required\" aria-required=\"true\" aria-invalid=\"false\" placeholder=\"Apellidos *\" value=\"\" type=\"text\" name=\"apellidos\" \/><\/span>\n<\/p>\n<p><b>AYUNTAMIENTO<\/b>\n<\/p>\n<p><span class=\"wpcf7-form-control-wrap\" data-name=\"organismo\"><input size=\"40\" maxlength=\"400\" class=\"wpcf7-form-control wpcf7-text wpcf7-validates-as-required\" aria-required=\"true\" aria-invalid=\"false\" placeholder=\"Entidad\/Empresa*\" value=\"\" type=\"text\" name=\"organismo\" \/><\/span>\n<\/p>\n<p><b>CARGO<\/b>\n<\/p>\n<p><span class=\"wpcf7-form-control-wrap\" data-name=\"cargo\"><input size=\"40\" maxlength=\"400\" class=\"wpcf7-form-control wpcf7-text wpcf7-validates-as-required\" aria-required=\"true\" aria-invalid=\"false\" placeholder=\"Cargo *\" value=\"\" type=\"text\" name=\"cargo\" \/><\/span>\n<\/p>\n<p><b>EMAIL<\/b>\n<\/p>\n<p><span class=\"wpcf7-form-control-wrap\" data-name=\"email\"><input size=\"40\" maxlength=\"400\" class=\"wpcf7-form-control wpcf7-email wpcf7-validates-as-required wpcf7-text wpcf7-validates-as-email\" aria-required=\"true\" aria-invalid=\"false\" placeholder=\"Email *\" value=\"\" type=\"email\" name=\"email\" \/><\/span>\n<\/p>\n<p>INPRO, en el ejercicio de sus funciones, quiere reconocer el esfuerzo de las empresas que a lo largo del a\u00f1o hayan desarrollado nuevas t\u00e9cnicas, aplicaciones o herramientas que faciliten el gobierno electr\u00f3nico, el despliegue de infraestructuras de telecomunicaciones y el desarrollo de territorios y ciudades inteligentes en el \u00e1mbito de la administraci\u00f3n p\u00fablica. A tal efecto, convoca el Premio Empresa e-Government 2025.\n<\/p>\n<p><b>1. SMARTCITY<\/b><br \/>\n1.1.Proyectos para el impulso del desarrollo ciudades inteligentes en el \u00e1mbito de la administraci\u00f3n p\u00fablica:\n<\/p>\n<p><span class=\"wpcf7-form-control-wrap\" data-name=\"smartcity\"><textarea cols=\"40\" rows=\"10\" maxlength=\"2000\" class=\"wpcf7-form-control wpcf7-textarea\" aria-invalid=\"false\" placeholder=\"Proyectos para el impulso del desarrollo ciudades inteligentes en el \u00e1mbito de la administraci\u00f3n p\u00fablica:\" name=\"smartcity\"><\/textarea><\/span>\n<\/p>\n<p><b>2. ADMINISTRACI\u00d3N ELECTR\u00d3NICA<\/b><br \/>\n2.1. Detalle a continuaci\u00f3n si en los \u00faltimos a\u00f1os ha implantado o desarrollado alguna aplicaci\u00f3n o servicio para la mejora de la administraci\u00f3n Electr\u00f3nica. Experiencias de \u00e9xito:\n<\/p>\n<p><span class=\"wpcf7-form-control-wrap\" data-name=\"administracion\"><textarea cols=\"40\" rows=\"10\" maxlength=\"2000\" class=\"wpcf7-form-control wpcf7-textarea\" aria-invalid=\"false\" placeholder=\"Detalle a continuaci\u00f3n si en los \u00faltimos a\u00f1os ha implantado o desarrollado alguna aplicaci\u00f3n o servicio para la mejora de la administraci\u00f3n Electr\u00f3nica. Experiencias de \u00e9xito:\" name=\"administracion\"><\/textarea><\/span>\n<\/p>\n<p>2.2. Aplicaciones para mejorar el servicio al ciudadano y mejoras de la atenci\u00f3n ciudadana en ayuntamientos:\n<\/p>\n<p><span class=\"wpcf7-form-control-wrap\" data-name=\"mejorasciudadano\"><textarea cols=\"40\" rows=\"10\" maxlength=\"2000\" class=\"wpcf7-form-control wpcf7-textarea\" aria-invalid=\"false\" placeholder=\"Aplicaciones para mejorar el servicio al ciudadano y mejoras de la atenci\u00f3n ciudadana en ayuntamientos:\" name=\"mejorasciudadano\"><\/textarea><\/span>\n<\/p>\n<p><b>3.GOBIERNO ABIERTO<\/b><br \/>\n3.1.Aplicaciones o servicios desarrollados por su empresa para la mejora del Gobierno Abierto en relaci\u00f3n a la transparencia, participaci\u00f3n y los Datos Abiertos.\n<\/p>\n<p><span class=\"wpcf7-form-control-wrap\" data-name=\"gobiernoabierto\"><textarea cols=\"40\" rows=\"10\" maxlength=\"2000\" class=\"wpcf7-form-control wpcf7-textarea\" aria-invalid=\"false\" placeholder=\"Aplicaciones o servicios desarrollados por su empresa para la mejora del Gobierno Abierto en relaci\u00f3n a la transparencia, participaci\u00f3n y los Datos Abiertos.\" name=\"gobiernoabierto\"><\/textarea><\/span>\n<\/p>\n<p><b>4. NUEVAS TECNOLOG\u00cdAS<\/b><br \/>\n4.1. Creaci\u00f3n o adaptaci\u00f3n de servicios o sistemas de gesti\u00f3n que incorporen tecnolog\u00edas de \u00faltima generaci\u00f3n como Inteligencia Artificial, Business Intelligence, Blockchain, Rob\u00f3tica, Big Data,5G\u2026 :\n<\/p>\n<p><span class=\"wpcf7-form-control-wrap\" data-name=\"nuevastecnologias\"><textarea cols=\"40\" rows=\"10\" maxlength=\"2000\" class=\"wpcf7-form-control wpcf7-textarea\" aria-invalid=\"false\" placeholder=\"Creaci\u00f3n o adaptaci\u00f3n de servicios o sistemas de gesti\u00f3n que incorporen tecnolog\u00edas de \u00faltima generaci\u00f3n como  Inteligencia Artificial, Business Intelligence, Blockchain, Rob\u00f3tica, Big Data,5G\u2026 :\" name=\"nuevastecnologias\"><\/textarea><\/span>\n<\/p>\n<hr \/>\n<p>MEMORIA DE LA CANDIDATURA<br \/>\nAdjunte memoria resumen de la candidatura (Formato PDF <10Mb)\n<\/p>\n<p><span class=\"wpcf7-form-control-wrap\" data-name=\"memoria\"><input size=\"40\" class=\"wpcf7-form-control wpcf7-file wpcf7-validates-as-required\" accept=\".pdf\" aria-required=\"true\" aria-invalid=\"false\" type=\"file\" name=\"memoria\" \/><\/span>\n<\/p>\n<hr \/>\n<p><small><b>Informaci\u00f3n b\u00e1sica sobre protecci\u00f3n de datos<\/b><br \/>\n<b>Responsable:<\/b>dpo@dipusevilla.es<br \/>\n<b>Finalidad:<\/b>Inscripci\u00f3n a las jornadas<br \/>\n<b>Destinatarios:<\/b>No se ceder\u00e1n datos a terceros<br \/>\n<b>Derechos:<\/b>Derecho de acceso, rectificaci\u00f3n y supresi\u00f3n enviado email a inpro@dipusevilla.es<\/small>\n<\/p>\n<p><span class=\"wpcf7-form-control-wrap\" data-name=\"aceptacion\"><span class=\"wpcf7-form-control wpcf7-acceptance optional\"><span class=\"wpcf7-list-item\"><input type=\"checkbox\" name=\"aceptacion\" value=\"1\" aria-invalid=\"false\" \/><\/span><\/span><\/span><a href=\"\/index.php\/politica-de-privacidad\/\">Acepto la pol\u00edtica de privacidad<\/a><br \/>\n<br \/>\n<input class=\"wpcf7-form-control wpcf7-submit has-spinner\" type=\"submit\" value=\"Enviar\" \/>\n<\/p><div class=\"wpcf7-response-output\" aria-hidden=\"true\"><\/div>\n<\/form>\n<\/div>\n<br \/>\n[\/vc_column_text][\/vc_column][\/vc_row]<\/p>\n","protected":false},"excerpt":{"rendered":"<p>[vc_row][vc_column][vc_column_text] [\/vc_column_text][\/vc_column][\/vc_row]<\/p>\n","protected":false},"author":3,"featured_media":0,"parent":0,"menu_order":0,"comment_status":"closed","ping_status":"closed","template":"","meta":{"footnotes":""},"class_list":["post-7066","page","type-page","status-publish","hentry"],"_links":{"self":[{"href":"https:\/\/www.inproinnova.es\/index.php\/wp-json\/wp\/v2\/pages\/7066","targetHints":{"allow":["GET"]}}],"collection":[{"href":"https:\/\/www.inproinnova.es\/index.php\/wp-json\/wp\/v2\/pages"}],"about":[{"href":"https:\/\/www.inproinnova.es\/index.php\/wp-json\/wp\/v2\/types\/page"}],"author":[{"embeddable":true,"href":"https:\/\/www.inproinnova.es\/index.php\/wp-json\/wp\/v2\/users\/3"}],"replies":[{"embeddable":true,"href":"https:\/\/www.inproinnova.es\/index.php\/wp-json\/wp\/v2\/comments?post=7066"}],"version-history":[{"count":2,"href":"https:\/\/www.inproinnova.es\/index.php\/wp-json\/wp\/v2\/pages\/7066\/revisions"}],"predecessor-version":[{"id":7069,"href":"https:\/\/www.inproinnova.es\/index.php\/wp-json\/wp\/v2\/pages\/7066\/revisions\/7069"}],"wp:attachment":[{"href":"https:\/\/www.inproinnova.es\/index.php\/wp-json\/wp\/v2\/media?parent=7066"}],"curies":[{"name":"wp","href":"https:\/\/api.w.org\/{rel}","templated":true}]}}