{"id":6892,"date":"2025-11-05T11:56:39","date_gmt":"2025-11-05T11:56:39","guid":{"rendered":"https:\/\/www.inproinnova.es\/?page_id=6892"},"modified":"2025-11-10T06:53:58","modified_gmt":"2025-11-10T06:53:58","slug":"inscripcion-jornadas-tecnologia-al-servicio-de-la-proteccion-civil-y-la-extincion-de-incendios","status":"publish","type":"page","link":"https:\/\/www.inproinnova.es\/index.php\/inscripcion-jornadas-tecnologia-al-servicio-de-la-proteccion-civil-y-la-extincion-de-incendios\/","title":{"rendered":"Inscripci\u00f3n Jornadas Tecnolog\u00eda al servicio de la protecci\u00f3n civil y la extinci\u00f3n de incendios"},"content":{"rendered":"<p>[vc_row][vc_column][vc_column_text]Dirigido a t\u00e9cnicos y responsables p\u00fablicos de administraci\u00f3n p\u00fablica, con especial inter\u00e9s en tecnolog\u00eda aplicada a emergencias y extinci\u00f3n de incendios.<\/p>\n<p><strong>Participan:<\/strong><\/p>\n<p>Consorcio Provincial de Bomberos de Sevilla, ATPCA, 112 Andaluc\u00eda y Observatorio SEET.[\/vc_column_text]\n<div class=\"wpcf7 no-js\" id=\"wpcf7-f6891-o1\" lang=\"es-ES\" dir=\"ltr\" data-wpcf7-id=\"6891\">\n<div class=\"screen-reader-response\"><p role=\"status\" aria-live=\"polite\" aria-atomic=\"true\"><\/p> <ul><\/ul><\/div>\n<form action=\"\/index.php\/wp-json\/wp\/v2\/pages\/6892#wpcf7-f6891-o1\" method=\"post\" class=\"wpcf7-form init\" aria-label=\"Formulario de contacto\" novalidate=\"novalidate\" data-status=\"init\">\n<fieldset class=\"hidden-fields-container\"><input type=\"hidden\" name=\"_wpcf7\" value=\"6891\" \/><input type=\"hidden\" name=\"_wpcf7_version\" value=\"6.1.1\" \/><input type=\"hidden\" name=\"_wpcf7_locale\" value=\"es_ES\" \/><input type=\"hidden\" name=\"_wpcf7_unit_tag\" value=\"wpcf7-f6891-o1\" \/><input type=\"hidden\" name=\"_wpcf7_container_post\" value=\"0\" \/><input type=\"hidden\" name=\"_wpcf7_posted_data_hash\" value=\"\" \/><input type=\"hidden\" name=\"_wpcf7_recaptcha_response\" value=\"\" \/>\n<\/fieldset>\n<p><br \/>\n<b>NOMBRE:<\/b>\n<\/p>\n<p><span class=\"wpcf7-form-control-wrap\" data-name=\"nombre\"><input size=\"40\" maxlength=\"400\" class=\"wpcf7-form-control wpcf7-text wpcf7-validates-as-required\" aria-required=\"true\" aria-invalid=\"false\" placeholder=\"Nombre *\" value=\"\" type=\"text\" name=\"nombre\" \/><\/span>\n<\/p>\n<p><b>APELLIDOS<\/b>\n<\/p>\n<p><span class=\"wpcf7-form-control-wrap\" data-name=\"apellidos\"><input size=\"40\" maxlength=\"400\" class=\"wpcf7-form-control wpcf7-text wpcf7-validates-as-required\" aria-required=\"true\" aria-invalid=\"false\" placeholder=\"Apellidos *\" value=\"\" type=\"text\" name=\"apellidos\" \/><\/span>\n<\/p>\n<p><b>ENTIDAD\/EMPRESA<\/b>\n<\/p>\n<p><span class=\"wpcf7-form-control-wrap\" data-name=\"organismo\"><input size=\"40\" maxlength=\"400\" class=\"wpcf7-form-control wpcf7-text wpcf7-validates-as-required\" aria-required=\"true\" aria-invalid=\"false\" placeholder=\"Entidad\/Empresa*\" value=\"\" type=\"text\" name=\"organismo\" \/><\/span>\n<\/p>\n<p><b>CARGO<\/b>\n<\/p>\n<p><span class=\"wpcf7-form-control-wrap\" data-name=\"cargo\"><input size=\"40\" maxlength=\"400\" class=\"wpcf7-form-control wpcf7-text wpcf7-validates-as-required\" aria-required=\"true\" aria-invalid=\"false\" placeholder=\"Cargo *\" value=\"\" type=\"text\" name=\"cargo\" \/><\/span>\n<\/p>\n<p><b>EMAIL<\/b>\n<\/p>\n<p><span class=\"wpcf7-form-control-wrap\" data-name=\"email\"><input size=\"40\" maxlength=\"400\" class=\"wpcf7-form-control wpcf7-email wpcf7-validates-as-required wpcf7-text wpcf7-validates-as-email\" aria-required=\"true\" aria-invalid=\"false\" placeholder=\"Email *\" value=\"\" type=\"email\" name=\"email\" \/><\/span>\n<\/p>\n<p><small><b>Informaci\u00f3n b\u00e1sica sobre protecci\u00f3n de datos<\/b><br \/>\n<b>Responsable:<\/b>dpo@dipusevilla.es<br \/>\n<b>Finalidad:<\/b>Inscripci\u00f3n a las jornadas<br \/>\n<b>Destinatarios:<\/b>No se ceder\u00e1n datos a terceros<br \/>\n<b>Derechos:<\/b>Derecho de acceso, rectificaci\u00f3n y supresi\u00f3n enviado email a inpro@dipusevilla.es<\/small>\n<\/p>\n<p><span class=\"wpcf7-form-control-wrap\" data-name=\"aceptacion\"><span class=\"wpcf7-form-control wpcf7-acceptance optional\"><span class=\"wpcf7-list-item\"><input type=\"checkbox\" name=\"aceptacion\" value=\"1\" aria-invalid=\"false\" \/><\/span><\/span><\/span><a href=\"\/index.php\/politica-de-privacidad\/\">Acepto la pol\u00edtica de privacidad<\/a><br \/>\n<br \/>\n<input class=\"wpcf7-form-control wpcf7-submit has-spinner\" type=\"submit\" value=\"Enviar\" \/>\n<\/p><div class=\"wpcf7-response-output\" aria-hidden=\"true\"><\/div>\n<\/form>\n<\/div>\n[\/vc_column][\/vc_row]<\/p>\n","protected":false},"excerpt":{"rendered":"<p>[vc_row][vc_column][vc_column_text]Dirigido a t\u00e9cnicos y responsables p\u00fablicos de administraci\u00f3n p\u00fablica, con especial inter\u00e9s en tecnolog\u00eda aplicada a emergencias y extinci\u00f3n de incendios. Participan: Consorcio Provincial de&hellip;<\/p>\n<p><a href=\"https:\/\/www.inproinnova.es\/index.php\/inscripcion-jornadas-tecnologia-al-servicio-de-la-proteccion-civil-y-la-extincion-de-incendios\/\" class=\"read-more-link\"><span class=\"read-more-icon\"><\/span>Ver m\u00e1s<\/a><\/p>\n","protected":false},"author":3,"featured_media":0,"parent":0,"menu_order":0,"comment_status":"closed","ping_status":"closed","template":"","meta":{"footnotes":""},"class_list":["post-6892","page","type-page","status-publish","hentry"],"_links":{"self":[{"href":"https:\/\/www.inproinnova.es\/index.php\/wp-json\/wp\/v2\/pages\/6892","targetHints":{"allow":["GET"]}}],"collection":[{"href":"https:\/\/www.inproinnova.es\/index.php\/wp-json\/wp\/v2\/pages"}],"about":[{"href":"https:\/\/www.inproinnova.es\/index.php\/wp-json\/wp\/v2\/types\/page"}],"author":[{"embeddable":true,"href":"https:\/\/www.inproinnova.es\/index.php\/wp-json\/wp\/v2\/users\/3"}],"replies":[{"embeddable":true,"href":"https:\/\/www.inproinnova.es\/index.php\/wp-json\/wp\/v2\/comments?post=6892"}],"version-history":[{"count":9,"href":"https:\/\/www.inproinnova.es\/index.php\/wp-json\/wp\/v2\/pages\/6892\/revisions"}],"predecessor-version":[{"id":6970,"href":"https:\/\/www.inproinnova.es\/index.php\/wp-json\/wp\/v2\/pages\/6892\/revisions\/6970"}],"wp:attachment":[{"href":"https:\/\/www.inproinnova.es\/index.php\/wp-json\/wp\/v2\/media?parent=6892"}],"curies":[{"name":"wp","href":"https:\/\/api.w.org\/{rel}","templated":true}]}}