{"id":6614,"date":"2025-09-04T18:30:45","date_gmt":"2025-09-04T18:30:45","guid":{"rendered":"https:\/\/www.inproinnova.es\/?page_id=6614"},"modified":"2025-11-19T11:39:27","modified_gmt":"2025-11-19T11:39:27","slug":"agenda-inproinnova-2025","status":"publish","type":"page","link":"https:\/\/www.inproinnova.es\/index.php\/agenda-inproinnova-2025\/","title":{"rendered":"Agenda INPROINNOVA 2025"},"content":{"rendered":"<p>[om_agenda][om_agenda_day date=\u00bb19\/11\/2025&#8243; title=\u00bbMi\u00e9rcoles 19 de Noviembre. Agenda ma\u00f1ana\u00bb][om_agenda_item time=\u00bb9.30&#8243; title=\u00bbInauguraci\u00f3n y visita institucional\u00bb room=\u00bbSala Madrid\u00bb][\/om_agenda_item][om_agenda_item time=\u00bb10.30&#8243; title=\u00bbSala Plenaria: Intervenciones institucionales\u00bb room=\u00bbSala Madrid\u00bb speaker_ids=\u00bb5605, 6702&#8243;]- D. Javier Fern\u00e1ndez. Presidente de la Diputaci\u00f3n de Sevilla<br \/>&#8211; D\u00f1a. Mar\u00eda Gonz\u00e1lez Veracruz. Secretaria de Estado de Digitalizaci\u00f3n e Inteligencia Artificial<br \/>[\/om_agenda_item][om_agenda_item time=\u00bb11.30&#8243; title=\u00bbIA sin filtro: lo que funciona, lo que falla y lo que viene\u00bb room=\u00bbSala Madrid\u00bb speaker_ids=\u00bb6697&#8243;]- D\u00f1a. Concepci\u00f3n Campos Acu\u00f1a. Experta en gesti\u00f3n p\u00fablica e Inteligencia Artificial<br \/>[\/om_agenda_item][om_agenda_item time=\u00bb12.15&#8243; title=\u00bbMesa redonda: La revoluci\u00f3n inteligente: implementaci\u00f3n pr\u00e1ctica de la IA en el sector p\u00fablico\u00bb room=\u00bbSala Madrid\u00bb speaker_ids=\u00bb6999, 4217, 6494, 113&#8243;]- D. Javier Hern\u00e1ndez D\u00edez<br \/>&#8211; D. Manuel Escobar Montes<br \/>&#8211; D. Jaime Gragera Rodr\u00edguez<br \/>&#8211; Introduce y modera: D\u00f1a. Carmen Rodr\u00edguez Quir\u00f3s[\/om_agenda_item][om_agenda_item time=\u00bb13.15&#8243; title=\u00bbTecnolog\u00eda en clave de humor. \u00ab#TOP10, inventos que al final&#8230; pues tampoco\u00bb room=\u00bbSala Madrid\u00bb speaker_ids=\u00bb6700&#8243;]- D. Julio Mu\u00f1oz Gij\u00f3n ,\u00bbEl Rancio Sevillano\u00bb @Rancio[\/om_agenda_item][\/om_agenda_day][\/om_agenda]<br \/>\n[vc_btn title=\u00bbInscripci\u00f3n Jornadas de Ma\u00f1ana y Acto Inaugural\u00bb uppercase=\u00bbyes\u00bb size=\u00bblg\u00bb align=\u00bbcenter\u00bb link=\u00bburl:https%3A%2F%2Fwww.inproinnova.es%2Findex.php%2Finscripcion-jornada-manana%2F|title:Enlace%20a%20formulario%20de%20inscripci%C3%B3n||\u00bb][vc_column_text]<\/p>\n<p>\n[om_agenda][om_agenda_day date=\u00bb19\/11\/2025&#8243; title=\u00bbMi\u00e9rcoles 19 de Noviembre. <br \/>Agenda de Jornadas INNOVAR EN RED, el valor de la colaboraci\u00f3n tecnol\u00f3gica\u00bb][om_agenda_item time=\u00bb16.30&#8243; speaker_ids=\u00bb6021&#8243; title=\u00bbInauguraci\u00f3n\u00bb]- Antonio Posadas. Secretario General de Investigaci\u00f3n de Innovaci\u00f3n de la Consejer\u00eda de Universidad, Investigaci\u00f3n e Innovaci\u00f3n de la Junta de Andaluc\u00eda[\/om_agenda_item][om_agenda_item time=\u00bb17.00&#8243; title=\u00bbUniversidad y empresa, alianzas de futuro\u00bb room=\u00bbSala Madrid\u00bb speaker_ids=\u00bb5918,4260,4414,6749,6425&#8243;]Modera Loreto Valle, Directora General de Planificaci\u00f3n de la Investigaci\u00f3n. Consejer\u00eda de Universidad, Investigaci\u00f3n e Innovaci\u00f3n. Junta de Andaluc\u00eda<\/p>\n<p><strong>Intervienen:<\/strong><\/p>\n<p>&#8211; M.\u00aa Jos\u00e9 Escalona. Catedr\u00e1tica de la Universidad de Sevilla<br \/>&#8211; Luis Merino. Catedr\u00e1tico de Universidad Pablo de Olavide<br \/>&#8211; Pablo Mill\u00e1n. Catedr\u00e1tico de Universidad Loyola Andaluc\u00eda<br \/>&#8211; Alfredo Garc\u00eda. Coordinador Grupo C\u00e1tedra OGA.AI[\/om_agenda_item][om_agenda_item time=\u00bb18.00&#8243; title=\u00bbColaborar para innovar: alianzas tecnol\u00f3gicas y competitividad empresarial\u00bb room=\u00bbSala Madrid\u00bb speaker_ids=\u00bb5434,5922,6757,6759,5924,5446&#8243;] Modera: Victoria Cabrera, Directora de Cibersur<\/p>\n<p><strong>Intervienen:<\/strong><\/p>\n<p>&#8211; Fabi\u00e1n Varas. Director T\u00e9cnico en Corporaci\u00f3n Tecnol\u00f3gica de Andaluc\u00eda CTA<br \/>&#8211; Luis Cordero. Gerente Club C\u00e1mara Antares.<br \/>&#8211; Dolores Serrano. Vicedecana (COITAOC)<br \/>&#8211; Antonio Alc\u00e1ntara. Gerente Cluster OnTech Innovation<br \/>&#8211; Gracia Catalina Pi\u00f1ero. Manager of ESA BIC Andalusia[\/om_agenda_item][om_agenda_item time=\u00bb19.00&#8243; title=\u00bbClausura\u00bb speaker_ids=\u00bb\u00bb][\/om_agenda_item][om_agenda_item time=\u00bb19.30&#8243; title=\u00bbC\u00f3ctel Networking\u00bb speaker_ids=\u00bb\u00bb][\/om_agenda_item][\/om_agenda_day][\/om_agenda][vc_row_inner][\/vc_row_inner][vc_column_inner][\/vc_column_inner][vc_column_text]<\/p>\n<p>[vc_row][vc_column][vc_btn title=\u00bbInscripci\u00f3n a Jornadas INNOVAR EN RED\u00bb uppercase=\u00bbyes\u00bb size=\u00bblg\u00bb align=\u00bbcenter\u00bb link=\u00bburl:https%3A%2F%2Fwww.inproinnova.es%2Findex.php%2Finscripcion-jornadas-tarde%2F|title:Enlace%20a%20formulario%20de%20inscripci%C3%B3n||\u00bb][\/vc_column][\/vc_row]<br \/>\n[vc_row][vc_column][vc_btn title=\u00bbInscripci\u00f3n a C\u00f3ctel\u00bb uppercase=\u00bbyes\u00bb size=\u00bblg\u00bb align=\u00bbcenter\u00bb link=\u00bburl:https%3A%2F%2Fwww.inproinnova.es%2Findex.php%2Finscripcion-tecnicos-tics%2F|title:Enlace%20a%20formulario%20de%20inscripci%C3%B3n||\u00bb][\/vc_column][\/vc_row] <\/p>\n","protected":false},"excerpt":{"rendered":"<p>[om_agenda][om_agenda_day date=\u00bb19\/11\/2025&#8243; title=\u00bbMi\u00e9rcoles 19 de Noviembre. Agenda ma\u00f1ana\u00bb][om_agenda_item time=\u00bb9.30&#8243; title=\u00bbInauguraci\u00f3n y visita institucional\u00bb room=\u00bbSala Madrid\u00bb][\/om_agenda_item][om_agenda_item time=\u00bb10.30&#8243; title=\u00bbSala Plenaria: Intervenciones institucionales\u00bb room=\u00bbSala Madrid\u00bb speaker_ids=\u00bb5605, 6702&#8243;]- D.&hellip;<\/p>\n<p><a href=\"https:\/\/www.inproinnova.es\/index.php\/agenda-inproinnova-2025\/\" class=\"read-more-link\"><span class=\"read-more-icon\"><\/span>Ver m\u00e1s<\/a><\/p>\n","protected":false},"author":3,"featured_media":0,"parent":0,"menu_order":0,"comment_status":"closed","ping_status":"closed","template":"","meta":{"footnotes":""},"class_list":["post-6614","page","type-page","status-publish","hentry"],"_links":{"self":[{"href":"https:\/\/www.inproinnova.es\/index.php\/wp-json\/wp\/v2\/pages\/6614","targetHints":{"allow":["GET"]}}],"collection":[{"href":"https:\/\/www.inproinnova.es\/index.php\/wp-json\/wp\/v2\/pages"}],"about":[{"href":"https:\/\/www.inproinnova.es\/index.php\/wp-json\/wp\/v2\/types\/page"}],"author":[{"embeddable":true,"href":"https:\/\/www.inproinnova.es\/index.php\/wp-json\/wp\/v2\/users\/3"}],"replies":[{"embeddable":true,"href":"https:\/\/www.inproinnova.es\/index.php\/wp-json\/wp\/v2\/comments?post=6614"}],"version-history":[{"count":9,"href":"https:\/\/www.inproinnova.es\/index.php\/wp-json\/wp\/v2\/pages\/6614\/revisions"}],"predecessor-version":[{"id":7059,"href":"https:\/\/www.inproinnova.es\/index.php\/wp-json\/wp\/v2\/pages\/6614\/revisions\/7059"}],"wp:attachment":[{"href":"https:\/\/www.inproinnova.es\/index.php\/wp-json\/wp\/v2\/media?parent=6614"}],"curies":[{"name":"wp","href":"https:\/\/api.w.org\/{rel}","templated":true}]}}