{"id":5128,"date":"2022-11-09T19:24:04","date_gmt":"2022-11-09T19:24:04","guid":{"rendered":"https:\/\/www.inproinnova.es\/?page_id=5128"},"modified":"2022-11-09T19:29:11","modified_gmt":"2022-11-09T19:29:11","slug":"talleres-de-robotica","status":"publish","type":"page","link":"https:\/\/www.inproinnova.es\/index.php\/talleres-de-robotica\/","title":{"rendered":"Talleres de Rob\u00f3tica"},"content":{"rendered":"<p>[vc_row][vc_column][vc_column_text]<\/p>\n<p>Durante los d\u00edas 16, 17 y 18 de Noviembre tendr\u00e1n lugar Talleres de Rob\u00f3tica organizados por la Red Andaluza de Rob\u00f3tica y Tecnolog\u00eda Educativa y el Colegio oficial de Ingenieros&nbsp; T\u00e9cnicos de Telecomunicaciones COITTA \/ AAGIT<\/p>\n<p>[\/vc_column_text][\/vc_column][\/vc_row][vc_row][vc_column][vc_single_image image=\u00bb5131&#8243;][\/vc_column][\/vc_row]<\/p>\n","protected":false},"excerpt":{"rendered":"<p>[vc_row][vc_column][vc_column_text] Durante los d\u00edas 16, 17 y 18 de Noviembre tendr\u00e1n lugar Talleres de Rob\u00f3tica organizados por la Red Andaluza de Rob\u00f3tica y Tecnolog\u00eda Educativa&hellip;<\/p>\n<p><a href=\"https:\/\/www.inproinnova.es\/index.php\/talleres-de-robotica\/\" class=\"read-more-link\"><span class=\"read-more-icon\"><\/span>Ver m\u00e1s<\/a><\/p>\n","protected":false},"author":3,"featured_media":0,"parent":0,"menu_order":0,"comment_status":"closed","ping_status":"closed","template":"","meta":{"footnotes":""},"class_list":["post-5128","page","type-page","status-publish","hentry"],"_links":{"self":[{"href":"https:\/\/www.inproinnova.es\/index.php\/wp-json\/wp\/v2\/pages\/5128","targetHints":{"allow":["GET"]}}],"collection":[{"href":"https:\/\/www.inproinnova.es\/index.php\/wp-json\/wp\/v2\/pages"}],"about":[{"href":"https:\/\/www.inproinnova.es\/index.php\/wp-json\/wp\/v2\/types\/page"}],"author":[{"embeddable":true,"href":"https:\/\/www.inproinnova.es\/index.php\/wp-json\/wp\/v2\/users\/3"}],"replies":[{"embeddable":true,"href":"https:\/\/www.inproinnova.es\/index.php\/wp-json\/wp\/v2\/comments?post=5128"}],"version-history":[{"count":6,"href":"https:\/\/www.inproinnova.es\/index.php\/wp-json\/wp\/v2\/pages\/5128\/revisions"}],"predecessor-version":[{"id":5136,"href":"https:\/\/www.inproinnova.es\/index.php\/wp-json\/wp\/v2\/pages\/5128\/revisions\/5136"}],"wp:attachment":[{"href":"https:\/\/www.inproinnova.es\/index.php\/wp-json\/wp\/v2\/media?parent=5128"}],"curies":[{"name":"wp","href":"https:\/\/api.w.org\/{rel}","templated":true}]}}