{"id":5090,"date":"2022-11-09T18:51:42","date_gmt":"2022-11-09T18:51:42","guid":{"rendered":"https:\/\/www.inproinnova.es\/?page_id=5090"},"modified":"2025-11-13T13:32:02","modified_gmt":"2025-11-13T13:32:02","slug":"agenda-inproinnova-2023","status":"publish","type":"page","link":"https:\/\/www.inproinnova.es\/index.php\/agenda-inproinnova-2023\/","title":{"rendered":"Agenda Jornadas \u00abExplorando el Futuro Digital: IA y Videojuegos para J\u00f3venes Talentos\u00bb"},"content":{"rendered":"<p>[vc_row][vc_column][om_agenda][om_agenda_day date=\u00bb19\/11\/2025&#8243; title=\u00bbMi\u00e9rcoles 19 de Noviembre\u00bb][om_agenda_item time=\u00bb10:00 &#8211; 11:00&#8243; title=\u00bbTaller pr\u00e1ctico basado en IA para Grados Medios y Superiores del \u00c1mbito Tecnol\u00f3gico\u00bb room=\u00bbSala Bruselas\u00bb link=\u00bb|title:Inauguraci%C3%B3n||\u00bb speaker_ids=\u00bb7024, 7027, 7029, 7031&#8243;]Ponentes Grupo IA Sevilla \u2013 Puntos Vuela<br \/>\n&#8211; Fran Gonz\u00e1lez \u2013 Agente de Innovaci\u00f3n Local, Punto Vuela Villamanrique de la Condesa<br \/>\n&#8211; Jos\u00e9 Antonio Coronel \u2013 Agente de Innovaci\u00f3n Local, Punto Vuela Isla Mayor<br \/>\n&#8211; Marisol Palmon \u2013 Agente de Innovaci\u00f3n Local, Punto Vuela Guillena<br \/>\n&#8211; Rafael Gil \u2013 Agente de Innovaci\u00f3n Local, Punto Vuela Olivares[\/om_agenda_item][om_agenda_item time=\u00bb11:00 &#8211; 12:00&#8243; title=\u00bbTaller Nuevas tecnolog\u00edas de digitalizaci\u00f3n y modelaci\u00f3n 3D: de lo real a lo virtual\u00bb room=\u00bbSala Bruselas\u00bb link=\u00bb|title:Inauguraci%C3%B3n||\u00bb speaker_ids=\u00bb6955&#8243;]Ponente: Bel\u00e9n Jim\u00e9nez Fern\u00e1ndez-Palacios[\/om_agenda_item][om_agenda_item time=\u00bb12:00 &#8211; 13:00&#8243; title=\u00bbTaller pr\u00e1ctico basado en IA para Grados Medios y Superiores del \u00c1mbito Tecnol\u00f3gico\u00bb room=\u00bbSala Bruselas\u00bb link=\u00bb|title:Inauguraci%C3%B3n||\u00bb speaker_ids=\u00bb7024, 7027, 7029, 7031&#8243;]Ponentes Grupo IA Sevilla \u2013 Puntos Vuela<br \/>\n&#8211; Fran Gonz\u00e1lez \u2013 Agente de Innovaci\u00f3n Local, Punto Vuela Villamanrique de la Condesa<br \/>\n&#8211; Jos\u00e9 Antonio Coronel \u2013 Agente de Innovaci\u00f3n Local, Punto Vuela Isla Mayor<br \/>\n&#8211; Marisol Palmon \u2013 Agente de Innovaci\u00f3n Local, Punto Vuela Guillena<br \/>\n&#8211; Rafael Gil \u2013 Agente de Innovaci\u00f3n Local, Punto Vuela Olivares[\/om_agenda_item][om_agenda_item time=\u00bb13:00 &#8211; 14:00&#8243; title=\u00bbTaller Nuevas tecnolog\u00edas de digitalizaci\u00f3n y modelaci\u00f3n 3D: de lo real a lo virtual\u00bb room=\u00bbSala Bruselas\u00bb link=\u00bb|title:Inauguraci%C3%B3n||\u00bb speaker_ids=\u00bb6955&#8243;]Ponente: Bel\u00e9n Jim\u00e9nez Fern\u00e1ndez-Palacios[\/om_agenda_item][\/om_agenda_day][om_agenda_day][\/om_agenda_day][\/om_agenda][vc_column_text]El aforo de las charlas est\u00e1 completo. Se han cerrado las inscripciones.[\/vc_column_text][\/vc_column][\/vc_row][vc_row][vc_column][\/vc_column][\/vc_row]<\/p>\n","protected":false},"excerpt":{"rendered":"<p>[vc_row][vc_column][om_agenda][om_agenda_day date=\u00bb19\/11\/2025&#8243; title=\u00bbMi\u00e9rcoles 19 de Noviembre\u00bb][om_agenda_item time=\u00bb10:00 &#8211; 11:00&#8243; title=\u00bbTaller pr\u00e1ctico basado en IA para Grados Medios y Superiores del \u00c1mbito Tecnol\u00f3gico\u00bb room=\u00bbSala Bruselas\u00bb link=\u00bb|title:Inauguraci%C3%B3n||\u00bb&hellip;<\/p>\n<p><a href=\"https:\/\/www.inproinnova.es\/index.php\/agenda-inproinnova-2023\/\" class=\"read-more-link\"><span class=\"read-more-icon\"><\/span>Ver m\u00e1s<\/a><\/p>\n","protected":false},"author":3,"featured_media":0,"parent":0,"menu_order":0,"comment_status":"closed","ping_status":"closed","template":"","meta":{"footnotes":""},"class_list":["post-5090","page","type-page","status-publish","hentry"],"_links":{"self":[{"href":"https:\/\/www.inproinnova.es\/index.php\/wp-json\/wp\/v2\/pages\/5090","targetHints":{"allow":["GET"]}}],"collection":[{"href":"https:\/\/www.inproinnova.es\/index.php\/wp-json\/wp\/v2\/pages"}],"about":[{"href":"https:\/\/www.inproinnova.es\/index.php\/wp-json\/wp\/v2\/types\/page"}],"author":[{"embeddable":true,"href":"https:\/\/www.inproinnova.es\/index.php\/wp-json\/wp\/v2\/users\/3"}],"replies":[{"embeddable":true,"href":"https:\/\/www.inproinnova.es\/index.php\/wp-json\/wp\/v2\/comments?post=5090"}],"version-history":[{"count":10,"href":"https:\/\/www.inproinnova.es\/index.php\/wp-json\/wp\/v2\/pages\/5090\/revisions"}],"predecessor-version":[{"id":7033,"href":"https:\/\/www.inproinnova.es\/index.php\/wp-json\/wp\/v2\/pages\/5090\/revisions\/7033"}],"wp:attachment":[{"href":"https:\/\/www.inproinnova.es\/index.php\/wp-json\/wp\/v2\/media?parent=5090"}],"curies":[{"name":"wp","href":"https:\/\/api.w.org\/{rel}","templated":true}]}}