{"id":4927,"date":"2022-11-05T10:00:17","date_gmt":"2022-11-05T10:00:17","guid":{"rendered":"https:\/\/www.inproinnova.es\/?page_id=4927"},"modified":"2023-11-15T06:34:43","modified_gmt":"2023-11-15T06:34:43","slug":"jornadas-de-administracion-publica","status":"publish","type":"page","link":"https:\/\/www.inproinnova.es\/index.php\/jornadas-de-administracion-publica\/","title":{"rendered":"Jornadas de Administraci\u00f3n P\u00fablica-Automatizaci\u00f3n, IA y Ciberseguridad, retos en la Administraci\u00f3n P\u00fablica"},"content":{"rendered":"<p>[vc_row][vc_column][vc_column_text]<\/p>\n<p>[\/vc_column_text][\/vc_column][\/vc_row][vc_row][vc_column][om_agenda][om_agenda_day][\/om_agenda_day][om_agenda_day color=\u00bbom-accent-color-2&#8243; title=\u00bbJornadas de Administraci\u00f3n P\u00fablica-Automatizaci\u00f3n, IA y Ciberseguridad, retos en la Administraci\u00f3n P\u00fablica\u00bb date=\u00bb21\/11\/2023&#8243;][om_agenda_item time=\u00bb10:00-10:30&#8243; title=\u00bbNuevos retos y servicios TIC a los Ayuntamientos de la Provincia de Sevilla\u00bb room=\u00bbSala ExploraTerra\u00bb]Vicepresidente de la Sociedad Provincial de Inform\u00e1tica de Sevilla. D: Antonio Jes\u00fas Mu\u00f1oz Quir\u00f3s<br \/>\nGerente de la Sociedad Provincial de Inform\u00e1tica de Sevilla. D\u00aa: Carmen Rodr\u00edguez Quir\u00f3s[\/om_agenda_item]<\/p>\n<p>[om_agenda_item time=\u00bb10:30-11:15&#8243; title=\u00bbTransformando la Administraci\u00f3n P\u00fablica: Desaf\u00edos y Oportunidades de la Automatizaci\u00f3n.\u00bb el_class=\u00bbSala ExploraTerra\u00bb room=\u00bbSala ExploraTerra\u00bb]Ponentes:<\/p>\n<ul>\n<li>Jos\u00e9 Morales Cobo. Gerente de Eprinsa. Diputaci\u00f3n de C\u00f3rdoba.<\/li>\n<li>Ram\u00f3n Morillo Baro, SERVINFORM. Jefe de Proyecto de Automatizaci\u00f3n Inteligente para la Agencia Digital de Andaluc\u00eda.[\/om_agenda_item]<\/li>\n<\/ul>\n<p>[om_agenda_item time=\u00bb11:45-12:45&#8243; title=\u00bbEl sorprendente viaje por la Inteligencia Artificial\u00bb room=\u00bbSala ExploraTerra\u00bb]Carmen Torrijos. Prodigioso Volcan. Inteligencia artificial y transformaci\u00f3n en Prodigioso Volc\u00e1n [\/om_agenda_item][om_agenda_item time=\u00bb12:45-13:30&#8243; title=\u00bbCiberseguridad: Amenazas de nueva generaci\u00f3n\u00bb room=\u00bbSala ExploraTerra\u00bb]Miguel Angel de Castro Sim\u00f3n<br \/>\nSenior Sales Engineer en Crowdstrike. Profesor Master en Reversiing, An\u00e1lisis de Malware y Bug Hunting del Campus de Ciberseguridad en la UCAM[\/om_agenda_item][om_agenda_item time=\u00bb13:30&#8243; title=\u00bbClausura \u00ab]Vicepresidente de la Sociedad Provincial de Inform\u00e1tica de Sevilla. D: Antonio Jes\u00fas Mu\u00f1oz Quir\u00f3s[\/om_agenda_item][\/om_agenda_day][\/om_agenda][vc_column_text]<\/p>\n<p>[\/vc_column_text][vc_cta h2=\u00bbInscribete en las jornadas\u00bb h4=\u00bb21 de Noviembre a las 10:00 horas\u00bb][vc_column_text]<\/p>\n<p class=\"wpcf7-contact-form-not-found\"><strong>Error:<\/strong> Formulario de contacto no encontrado.<\/p>\n<p>[\/vc_column_text][\/vc_column][\/vc_row][vc_row][vc_column][vc_column_text]<\/p>\n<p>[\/vc_column_text][\/vc_column][\/vc_row][vc_row][vc_column][vc_column_text]<\/p>\n<p>[\/vc_column_text][\/vc_column][\/vc_row][vc_row][vc_column][vc_column_text]<\/p>\n<p>[\/vc_column_text][\/vc_column][\/vc_row][vc_row][vc_column][vc_column_text]<\/p>\n<p>[\/vc_column_text][vc_column_text]<\/p>\n<p>[\/vc_column_text][\/vc_column][\/vc_row][vc_row][vc_column][vc_column_text]<\/p>\n<p>[\/vc_column_text][vc_single_image image=\u00bb5405&#8243; title=\u00bbSal\u00f3n ExploraTerra\u00bb][\/vc_column][\/vc_row][vc_row][vc_column][vc_column_text]<\/p>\n<p>[\/vc_column_text][vc_single_image image=\u00bb5674&#8243;][\/vc_column][\/vc_row]<\/p>\n","protected":false},"excerpt":{"rendered":"<p>[vc_row][vc_column][vc_column_text] [\/vc_column_text][\/vc_column][\/vc_row][vc_row][vc_column][om_agenda][om_agenda_day][\/om_agenda_day][om_agenda_day color=\u00bbom-accent-color-2&#8243; title=\u00bbJornadas de Administraci\u00f3n P\u00fablica-Automatizaci\u00f3n, IA y Ciberseguridad, retos en la Administraci\u00f3n P\u00fablica\u00bb date=\u00bb21\/11\/2023&#8243;][om_agenda_item time=\u00bb10:00-10:30&#8243; title=\u00bbNuevos retos y servicios TIC a los Ayuntamientos&hellip;<\/p>\n<p><a href=\"https:\/\/www.inproinnova.es\/index.php\/jornadas-de-administracion-publica\/\" class=\"read-more-link\"><span class=\"read-more-icon\"><\/span>Ver m\u00e1s<\/a><\/p>\n","protected":false},"author":3,"featured_media":0,"parent":0,"menu_order":0,"comment_status":"closed","ping_status":"closed","template":"","meta":{"footnotes":""},"class_list":["post-4927","page","type-page","status-publish","hentry"],"_links":{"self":[{"href":"https:\/\/www.inproinnova.es\/index.php\/wp-json\/wp\/v2\/pages\/4927","targetHints":{"allow":["GET"]}}],"collection":[{"href":"https:\/\/www.inproinnova.es\/index.php\/wp-json\/wp\/v2\/pages"}],"about":[{"href":"https:\/\/www.inproinnova.es\/index.php\/wp-json\/wp\/v2\/types\/page"}],"author":[{"embeddable":true,"href":"https:\/\/www.inproinnova.es\/index.php\/wp-json\/wp\/v2\/users\/3"}],"replies":[{"embeddable":true,"href":"https:\/\/www.inproinnova.es\/index.php\/wp-json\/wp\/v2\/comments?post=4927"}],"version-history":[{"count":69,"href":"https:\/\/www.inproinnova.es\/index.php\/wp-json\/wp\/v2\/pages\/4927\/revisions"}],"predecessor-version":[{"id":5695,"href":"https:\/\/www.inproinnova.es\/index.php\/wp-json\/wp\/v2\/pages\/4927\/revisions\/5695"}],"wp:attachment":[{"href":"https:\/\/www.inproinnova.es\/index.php\/wp-json\/wp\/v2\/media?parent=4927"}],"curies":[{"name":"wp","href":"https:\/\/api.w.org\/{rel}","templated":true}]}}