{"id":4663,"date":"2021-11-15T08:41:51","date_gmt":"2021-11-15T08:41:51","guid":{"rendered":"https:\/\/www.inproinnova.es\/?page_id=4663"},"modified":"2021-11-15T08:41:52","modified_gmt":"2021-11-15T08:41:52","slug":"videos-2020","status":"publish","type":"page","link":"https:\/\/www.inproinnova.es\/index.php\/videos-2020\/","title":{"rendered":"Videos 2020"},"content":{"rendered":"\n<p>[vc_row][vc_column][\/vc_column][\/vc_row]<\/p>\n\n\n<p>[vc_row][vc_column][vc_column_text]<\/p>\n<p>VIDEO DE LA INAUGURACI\u00d3N<\/p>\n<p><iframe loading=\"lazy\" src=\"https:\/\/www.youtube.com\/embed\/7JKmVnkLm9g\" width=\"560\" height=\"315\" frameborder=\"0\" allowfullscreen=\"allowfullscreen\"><\/iframe>[\/vc_column_text][vc_column_text]<\/p>\n<p>Mesa redonda \u00abEL PAPEL DE LAS EMPRESAS EN LA AGENDA DIGITAL 2025\u00bb. INPROINNOVA 2020<\/p>\n<p><iframe loading=\"lazy\" src=\"https:\/\/www.youtube.com\/embed\/CV4KhVYZ6XI\" width=\"560\" height=\"315\" frameborder=\"0\" allowfullscreen=\"allowfullscreen\"><\/iframe>[\/vc_column_text][vc_column_text]<\/p>\n<p class=\"title style-scope ytd-video-primary-info-renderer\">Mesa redonda &#8216;Planes estrat\u00e9gicos de territorio inteligente&#8217;<\/p>\n<p><iframe loading=\"lazy\" src=\"https:\/\/www.youtube.com\/embed\/WFjalFxjTkA\" width=\"560\" height=\"315\" frameborder=\"0\" allowfullscreen=\"allowfullscreen\"><\/iframe>[\/vc_column_text][vc_column_text]<\/p>\n<p class=\"title style-scope ytd-video-primary-info-renderer\">Jornada &#8216;El papel de las empresas en la Agenda Espa\u00f1a 2025 y en el Plan de Recuperaci\u00f3n&#8217;<\/p>\n<p><iframe loading=\"lazy\" src=\"https:\/\/www.youtube.com\/embed\/o-6NBv4dcTM\" width=\"560\" height=\"315\" frameborder=\"0\" allowfullscreen=\"allowfullscreen\"><\/iframe>[\/vc_column_text][\/vc_column][\/vc_row]<\/p>\n\n\n<p>[vc_row][vc_column][vc_column_text]<\/p>\n<p>Conferencia. Estrategia de la UE para la digitalizaci\u00f3n del sector p\u00fablico<\/p>\n<p><iframe loading=\"lazy\" src=\"https:\/\/www.youtube.com\/embed\/mahfeU_QpnQ\" width=\"560\" height=\"315\" frameborder=\"0\" allowfullscreen=\"allowfullscreen\"><\/iframe>[\/vc_column_text][vc_column_text]<\/p>\n<p>Planes estrat\u00e9gicos de Territorios Inteligentes<\/p>\n<p><iframe loading=\"lazy\" src=\"https:\/\/www.youtube.com\/embed\/ISpuc8A98dU\" width=\"560\" height=\"315\" frameborder=\"0\" allowfullscreen=\"allowfullscreen\"><\/iframe>[\/vc_column_text][vc_column_text]<\/p>\n<p class=\"title style-scope ytd-video-primary-info-renderer\">LA CAPACITACI\u00d3N DIGITAL DE EMPLEADOS P\u00daBLICOS EN LA ERA COVID<\/p>\n<p><iframe loading=\"lazy\" src=\"https:\/\/www.youtube.com\/embed\/2vL9bG0_HeE\" width=\"560\" height=\"315\" frameborder=\"0\" allowfullscreen=\"allowfullscreen\"><\/iframe>[\/vc_column_text][\/vc_column][\/vc_row]<\/p>\n\n\n<p>[vc_row][vc_column][vc_column_text]<iframe loading=\"lazy\" src=\"https:\/\/www.youtube.com\/embed\/T-uMunlegFw\" width=\"560\" height=\"315\" frameborder=\"0\" allowfullscreen=\"allowfullscreen\"><\/iframe>[\/vc_column_text][vc_column_text]TALLERES VIRTUALES SOLUCIONES INTELIGENTES PARA LA CIUDAD<\/p>\n<p><iframe loading=\"lazy\" src=\"https:\/\/www.youtube.com\/embed\/BO5Ej5GC8yE\" width=\"560\" height=\"315\" frameborder=\"0\" allowfullscreen=\"allowfullscreen\"><\/iframe>[\/vc_column_text][vc_column_text]Galer\u00eda Fotogr\u00e1fica<\/p>\n<div class=\"responsive-embed\"><a data-flickr-embed='true' href='https:\/\/www.flickr.com\/photos\/97618632@N05\/albums\/72157716954580537' title='11-191120 Celebraci\u00f3n de jornada sobre planes en territorios inteligentes y diversos talleres. by Diputaci\u00f3n de Sevilla, on Flickr'><img decoding=\"async\" class=\"lazyload\" src=\"data:image\/gif;base64,R0lGODlhAQABAAAAACH5BAEKAAEALAAAAAABAAEAAAICTAEAOw==\" data-src='https:\/\/live.staticflickr.com\/65535\/50620795531_5571d5c62f_b.jpg' width='800' height='600' alt='Celebracio\u0301n de jornada sobre planes en territorios inteligentes y diversos talleres acaparan la agenda de man\u0303ana en la VII Feria de Innovacio\u0301n y Nuevas Tecnologi\u0301as_191120_IMG_9821'><\/a><script async src='https:\/\/embedr.flickr.com\/assets\/client-code.js' charset='utf-8'><\/script><\/div>\n<div class=\"responsive-embed\"><a data-flickr-embed='true' href='https:\/\/www.flickr.com\/photos\/97618632@N05\/albums\/72157716939773648' title='11-181120 Inauguraci\u00f3n VII Feria de Innovaci\u00f3n y Nuevas Tecnolog\u00edas con un formato semipresencial y online adaptado a las exigencias sanitarias. by Diputaci\u00f3n de Sevilla, on Flickr'><img decoding=\"async\" class=\"lazyload\" src=\"data:image\/gif;base64,R0lGODlhAQABAAAAACH5BAEKAAEALAAAAAABAAEAAAICTAEAOw==\" data-src='https:\/\/live.staticflickr.com\/65535\/50617777781_78af902298_b.jpg' width='800' height='600' alt='El presidente de la Diputacio\u0301n inaugura la VII Feria de Innovacio\u0301n y Nuevas Tecnologi\u0301as con un formato semipresencial y online adaptado a las exigencias sanitarias_181120_IMG_8700'><\/a><script async src='https:\/\/embedr.flickr.com\/assets\/client-code.js' charset='utf-8'><\/script><\/div>\n<div class=\"responsive-embed\"><a data-flickr-embed='true' href='https:\/\/www.flickr.com\/photos\/97618632@N05\/albums\/72157716944720772' title='11-181120 Jornadas para empresas del sector de la Tecnolog\u00eda y la Sociedad de la Informaci\u00f3n. by Diputaci\u00f3n de Sevilla, on Flickr'><img decoding=\"async\" class=\"lazyload\" src=\"data:image\/gif;base64,R0lGODlhAQABAAAAACH5BAEKAAEALAAAAAABAAEAAAICTAEAOw==\" data-src='https:\/\/live.staticflickr.com\/65535\/50618104652_b44dbb09d0_b.jpg' width='800' height='600' alt='Jornadas para empresas del sector de la Tecnologi\u0301a y la Sociedad de la Informacio\u0301n_181120_IMG_9425'><\/a><script async src='https:\/\/embedr.flickr.com\/assets\/client-code.js' charset='utf-8'><\/script><\/div>\n<p>[\/vc_column_text][\/vc_column][\/vc_row]<\/p>\n\n\n<p>[vc_row][vc_column][vc_column_text]<\/p>\n<div class=\"responsive-embed\"><a data-flickr-embed='true' href='https:\/\/www.flickr.com\/photos\/97618632@N05\/albums\/72157716963311443' title='11-201120 Mesa redonda Despertando vocaciones TIC. by Diputaci\u00f3n de Sevilla, on Flickr'><img decoding=\"async\" class=\"lazyload\" src=\"data:image\/gif;base64,R0lGODlhAQABAAAAACH5BAEKAAEALAAAAAABAAEAAAICTAEAOw==\" data-src='https:\/\/live.staticflickr.com\/65535\/50623740673_39245195b8_b.jpg' width='800' height='600' alt='Despertando vocaciones TIC_201120_IMG_0046'><\/a><script async src='https:\/\/embedr.flickr.com\/assets\/client-code.js' charset='utf-8'><\/script><\/div>\n<p>[\/vc_column_text][\/vc_column][\/vc_row]<\/p>\n\n\n\n<p>[vc_row<\/p>\n","protected":false},"excerpt":{"rendered":"<p>[vc_row][vc_column][\/vc_column][\/vc_row] [vc_row<\/p>\n","protected":false},"author":3,"featured_media":0,"parent":0,"menu_order":0,"comment_status":"closed","ping_status":"closed","template":"","meta":{"footnotes":""},"class_list":["post-4663","page","type-page","status-publish","hentry"],"_links":{"self":[{"href":"https:\/\/www.inproinnova.es\/index.php\/wp-json\/wp\/v2\/pages\/4663","targetHints":{"allow":["GET"]}}],"collection":[{"href":"https:\/\/www.inproinnova.es\/index.php\/wp-json\/wp\/v2\/pages"}],"about":[{"href":"https:\/\/www.inproinnova.es\/index.php\/wp-json\/wp\/v2\/types\/page"}],"author":[{"embeddable":true,"href":"https:\/\/www.inproinnova.es\/index.php\/wp-json\/wp\/v2\/users\/3"}],"replies":[{"embeddable":true,"href":"https:\/\/www.inproinnova.es\/index.php\/wp-json\/wp\/v2\/comments?post=4663"}],"version-history":[{"count":1,"href":"https:\/\/www.inproinnova.es\/index.php\/wp-json\/wp\/v2\/pages\/4663\/revisions"}],"predecessor-version":[{"id":4664,"href":"https:\/\/www.inproinnova.es\/index.php\/wp-json\/wp\/v2\/pages\/4663\/revisions\/4664"}],"wp:attachment":[{"href":"https:\/\/www.inproinnova.es\/index.php\/wp-json\/wp\/v2\/media?parent=4663"}],"curies":[{"name":"wp","href":"https:\/\/api.w.org\/{rel}","templated":true}]}}