{"id":4145,"date":"2021-10-07T07:37:46","date_gmt":"2021-10-07T07:37:46","guid":{"rendered":"http:\/\/www.inproinnova.es\/?page_id=4145"},"modified":"2026-01-29T13:47:47","modified_gmt":"2026-01-29T13:47:47","slug":"premios-2024","status":"publish","type":"page","link":"https:\/\/www.inproinnova.es\/index.php\/premios-2024\/","title":{"rendered":"Premios 2025"},"content":{"rendered":"<p>[vc_row][vc_column][vc_column_text]<br \/>\n[vc_single_image image=\u00bb7105&#8243;][\/vc_column_text][\/vc_column][\/vc_row][vc_row][vc_column][vc_column_text]Conforme a lo publicado en las bases aprobadas por el Consejo de Administraci\u00f3n el pasado d\u00eda 26\/01\/2025 se habilitar\u00e1 un plazo de 20 d\u00edas h\u00e1biles a contar desde el siguiente a la publicaci\u00f3n en el tabl\u00f3n electr\u00f3nico de la Diputaci\u00f3n de Sevilla, para la presentaci\u00f3n de candidaturas. Por lo que el plazo de presentaci\u00f3n de solicitudes es desde 27\/01\/2026 al 24\/02\/2026[\/vc_column_text][vc_column_text]<br \/>\n[\/vc_column_text][vc_single_image image=\u00bb7081&#8243;][\/vc_column][\/vc_row][vc_row][vc_column][vc_column_text]<\/p>\n<ul>\n<li><a href=\"https:\/\/www.inproinnova.es\/wp-content\/uploads\/2026\/01\/3.-Bases_Premio_Ayuntamiento_Digital_2025_conlogo.report.pdf\">Bases del Premio Ayuntamiento Digital 2025<\/a><\/li>\n<li><a href=\"https:\/\/sedeelectronicadipusevilla.es\/tablon-1.0\/servlet\/obtenerDocumentoUrlPermanente?pid=3783f2ce4bb4b0448920ae66cf2b29e8d23bfb3964cfcd17ad4f7a5f15679a7cde4d104d1debae2f\">Publicaci\u00f3n en el tabl\u00f3n de Anuncios<\/a><\/li>\n<li><a href=\"https:\/\/www.inproinnova.es\/index.php\/formulario-candidatura-premios-e-goverment-2022\/\">Formulario de Inscripci\u00f3n de Candidaturas<\/a><\/li>\n<\/ul>\n<p>[\/vc_column_text][vc_separator][\/vc_column][\/vc_row][vc_row][vc_column][vc_single_image image=\u00bb7087&#8243;][vc_column_text]<\/p>\n<ul>\n<li><a href=\"https:\/\/www.inproinnova.es\/wp-content\/uploads\/2026\/01\/3.-Bases_Premio_EGovernment_2025_conlogo.report.pdf\">Bases del Premio Empresa Egovernment 2025<\/a><\/li>\n<li><a href=\"https:\/\/sedeelectronicadipusevilla.es\/tablon-1.0\/servlet\/obtenerDocumentoUrlPermanente?pid=3783f2ce4bb4b0448920ae66cf2b29e8d23bfb3964cfcd17ad4f7a5f15679a7c8c0f2a8407fdb36c\">Publicaci\u00f3n en el tabl\u00f3n de anuncios<\/a><\/li>\n<li><a href=\"https:\/\/www.inproinnova.es\/index.php\/formulario-candidatura-premios-e-goverment-2025\/\">Formulario de Inscripci\u00f3n de Candidaturas<\/a><\/li>\n<\/ul>\n<p>[vc_separator]<br \/>\n[vc_single_image image=\u00bb7079&#8243;]<\/p>\n<ul>\n<li><a href=\"https:\/\/www.inproinnova.es\/wp-content\/uploads\/2026\/01\/3.-Bases_Premio_Statrups_2025_conlogo.report.pdf\">Bases del Premio StartUp 2025<\/a><\/li>\n<li><a href=\"https:\/\/sedeelectronicadipusevilla.es\/tablon-1.0\/servlet\/obtenerDocumentoUrlPermanente?pid=3783f2ce4bb4b0448920ae66cf2b29e8d23bfb3964cfcd17ad4f7a5f15679a7ca746589aa98c4105\">Publicaci\u00f3n en el tabl\u00f3n de anuncios<\/a><\/li>\n<li><a href=\"https:\/\/www.inproinnova.es\/index.php\/formulario-candidatura-startup-tecnologica-2025\/\">Formulario de Inscripci\u00f3n de Candidaturas<\/a><\/li>\n<\/ul>\n<p>[vc_separator][\/vc_column_text][\/vc_column][\/vc_row][vc_row][vc_column][vc_separator][\/vc_column][\/vc_row]<\/p>\n","protected":false},"excerpt":{"rendered":"<p>[vc_row][vc_column][vc_column_text] [vc_single_image image=\u00bb7105&#8243;][\/vc_column_text][\/vc_column][\/vc_row][vc_row][vc_column][vc_column_text]Conforme a lo publicado en las bases aprobadas por el Consejo de Administraci\u00f3n el pasado d\u00eda 26\/01\/2025 se habilitar\u00e1 un plazo de 20&hellip;<\/p>\n<p><a href=\"https:\/\/www.inproinnova.es\/index.php\/premios-2024\/\" class=\"read-more-link\"><span class=\"read-more-icon\"><\/span>Ver m\u00e1s<\/a><\/p>\n","protected":false},"author":3,"featured_media":0,"parent":0,"menu_order":0,"comment_status":"closed","ping_status":"closed","template":"","meta":{"footnotes":""},"class_list":["post-4145","page","type-page","status-publish","hentry"],"_links":{"self":[{"href":"https:\/\/www.inproinnova.es\/index.php\/wp-json\/wp\/v2\/pages\/4145","targetHints":{"allow":["GET"]}}],"collection":[{"href":"https:\/\/www.inproinnova.es\/index.php\/wp-json\/wp\/v2\/pages"}],"about":[{"href":"https:\/\/www.inproinnova.es\/index.php\/wp-json\/wp\/v2\/types\/page"}],"author":[{"embeddable":true,"href":"https:\/\/www.inproinnova.es\/index.php\/wp-json\/wp\/v2\/users\/3"}],"replies":[{"embeddable":true,"href":"https:\/\/www.inproinnova.es\/index.php\/wp-json\/wp\/v2\/comments?post=4145"}],"version-history":[{"count":10,"href":"https:\/\/www.inproinnova.es\/index.php\/wp-json\/wp\/v2\/pages\/4145\/revisions"}],"predecessor-version":[{"id":7112,"href":"https:\/\/www.inproinnova.es\/index.php\/wp-json\/wp\/v2\/pages\/4145\/revisions\/7112"}],"wp:attachment":[{"href":"https:\/\/www.inproinnova.es\/index.php\/wp-json\/wp\/v2\/media?parent=4145"}],"curies":[{"name":"wp","href":"https:\/\/api.w.org\/{rel}","templated":true}]}}