{"id":3655,"date":"2020-11-09T07:32:31","date_gmt":"2020-11-09T07:32:31","guid":{"rendered":"http:\/\/www.inproinnova.es\/?page_id=3655"},"modified":"2020-11-17T22:05:07","modified_gmt":"2020-11-17T22:05:07","slug":"talleres-virtuales-para-ciudadanos","status":"publish","type":"page","link":"https:\/\/www.inproinnova.es\/index.php\/talleres-virtuales-para-ciudadanos\/","title":{"rendered":"TALLERES VIRTUALES PARA CIUDADANOS"},"content":{"rendered":"[vc_row][vc_column][vc_column_text]<\/p>\n\n\n[\/vc_column_text][\/vc_column][\/vc_row][vc_row][vc_column][om_agenda][om_agenda_day][\/om_agenda_day][om_agenda_day title=\u00bbTalleres virtuales para ciudadanos\u00bb date=\u00bb20\/11\/2020 10 horas\u00bb][om_agenda_item title=\u00bbTaller 1&#8243; time=\u00bb10:00&#8243; speaker_ids=\u00bb3792&#8243;]Antonio David Garc\u00eda P\u00e9rez, Agente de Innovaci\u00f3n Local del Centro Guadalinfo de Lora del R\u00edo.\n\nComo tramitar con tu Ayuntamiento\n[\/om_agenda_item][om_agenda_item title=\u00bbTaller 2. \u00bb time=\u00bb11:00&#8243; speaker_ids=\u00bb3796&#8243;]Juan Manuel Rodr\u00edguez P\u00e9rez, Agente de Innovaci\u00f3n Local del Centro Guadalinfo de La Roda\nde Andaluc\u00eda\n\nDonde tramitar la firma electr\u00f3nica y como instalarla\n\n1. \u00bfQu\u00e9 es un certificado digital de usuario y para qu\u00e9 sirve?\n2. \u00bfC\u00f3mo se obtiene el certificado digital de usuario de la FNMT? (Persona f\u00edsica)\n3. \u00bfC\u00f3mo instalar el certificado digital de usuario en diferentes navegadores?\n4. \u00bfPuedo llevarme el certificado y usarlo en otro ordenador?\n5. \u00bfCaduca mi certificado digital de usuario?\n6. \u00bfPuedo instalar varios certificados de usuario en un mismo navegador?\n7. \u00bfQu\u00e9 es la firma electr\u00f3nica?\n\n[\/om_agenda_item][om_agenda_item title=\u00bbTaller 3&#8243; time=\u00bb12:00&#8243; speaker_ids=\u00bb3797&#8243;]Rafael Gil P\u00e9rez, Agente de Innovaci\u00f3n Local del Centro Guadalinfo de Olivares\n\nC\u00f3mo consultar datos en la administraci\u00f3n p\u00fablica. Seguridad Social, Estado, notificaciones, etc..\n\n[\/om_agenda_item][\/om_agenda_day][\/om_agenda][vc_cta h2=\u00bbInscr\u00edbete en los talleres\u00bb h4=\u00bb20 de Noviembre a las 10:00 horas\u00bb][\/vc_column][\/vc_row][vc_row][vc_column][vc_column_text]\n\n\n\n<p>[\/vc_column_text][\/vc_column][\/vc_row][vc_row][vc_column][vc_btn title=\u00bbInscripci\u00f3n en los talleres\u00bb link=\u00bburl:https%3A%2F%2Finpro.webex.com%2Finpro-es%2Fonstage%2Fg.php%3FMTID%3Dea1dfb667a534d238e6c7ad83b2932ab5|||\u00bb][\/vc_column][\/vc_row][vc_row][vc_column][vc_column_text]<\/p>\n\n\n<p>[\/vc_column_text][\/vc_column][\/vc_row]","protected":false},"excerpt":{"rendered":"<p>[vc_row][vc_column][vc_column_text] [\/vc_column_text][\/vc_column][\/vc_row][vc_row][vc_column][om_agenda][om_agenda_day][\/om_agenda_day][om_agenda_day title=\u00bbTalleres virtuales para ciudadanos\u00bb date=\u00bb20\/11\/2020 10 horas\u00bb][om_agenda_item title=\u00bbTaller 1&#8243; time=\u00bb10:00&#8243; speaker_ids=\u00bb3792&#8243;]Antonio David Garc\u00eda P\u00e9rez, Agente de Innovaci\u00f3n Local del Centro Guadalinfo de Lora&hellip;<\/p>\n<p><a href=\"https:\/\/www.inproinnova.es\/index.php\/talleres-virtuales-para-ciudadanos\/\" class=\"read-more-link\"><span class=\"read-more-icon\"><\/span>Ver m\u00e1s<\/a><\/p>\n","protected":false},"author":3,"featured_media":0,"parent":0,"menu_order":0,"comment_status":"closed","ping_status":"closed","template":"","meta":{"footnotes":""},"class_list":["post-3655","page","type-page","status-publish","hentry"],"_links":{"self":[{"href":"https:\/\/www.inproinnova.es\/index.php\/wp-json\/wp\/v2\/pages\/3655","targetHints":{"allow":["GET"]}}],"collection":[{"href":"https:\/\/www.inproinnova.es\/index.php\/wp-json\/wp\/v2\/pages"}],"about":[{"href":"https:\/\/www.inproinnova.es\/index.php\/wp-json\/wp\/v2\/types\/page"}],"author":[{"embeddable":true,"href":"https:\/\/www.inproinnova.es\/index.php\/wp-json\/wp\/v2\/users\/3"}],"replies":[{"embeddable":true,"href":"https:\/\/www.inproinnova.es\/index.php\/wp-json\/wp\/v2\/comments?post=3655"}],"version-history":[{"count":7,"href":"https:\/\/www.inproinnova.es\/index.php\/wp-json\/wp\/v2\/pages\/3655\/revisions"}],"predecessor-version":[{"id":3940,"href":"https:\/\/www.inproinnova.es\/index.php\/wp-json\/wp\/v2\/pages\/3655\/revisions\/3940"}],"wp:attachment":[{"href":"https:\/\/www.inproinnova.es\/index.php\/wp-json\/wp\/v2\/media?parent=3655"}],"curies":[{"name":"wp","href":"https:\/\/api.w.org\/{rel}","templated":true}]}}