{"id":1604,"date":"2018-11-08T11:23:12","date_gmt":"2018-11-08T11:23:12","guid":{"rendered":"http:\/\/www.inproinnova.es\/?page_id=1604"},"modified":"2018-11-08T11:45:32","modified_gmt":"2018-11-08T11:45:32","slug":"politica-de-privacidad","status":"publish","type":"page","link":"https:\/\/www.inproinnova.es\/index.php\/politica-de-privacidad\/","title":{"rendered":"Pol\u00edtica de privacidad"},"content":{"rendered":"<header class=\"headline \">\n<h1 class=\"title\">Pol\u00edtica de Privacidad<\/h1>\n<\/header>\n<div id=\"2d6b0394-firstlevelblock-1-contentblock-1\" class=\"contentblock\">\n<div class=\"contentblock-texto row\">\n<div class=\"container-fluid\">\n<div id=\"col2_content\" class=\"clearfix\">\n<div class=\"view-article\">\n<p>El presente aviso legal (en adelante, el \u00abAviso Legal\u00bb) regula el uso del servicio del portal de Internet\u00a0<a title=\"Acceso a la p\u00e1gina de inicio\" href=\"http:\/\/www.dipusevilla.es\/inpro\/\">https:\/\/www.inproinnova.es<\/a>\u00a0(en adelante, el \u00abPortal\u00bb) de la Sociedad Provincial de Inform\u00e1tica de la Diputaci\u00f3n de Sevilla (Inpro) con sede en Avda. Men\u00e9ndez y Pelayo , 32, CP 41071, Sevilla (Espa\u00f1a)<span lang=\"es-ES\">, CIF\u00a0<\/span>A41119033.<\/p>\n<h3>Legislaci\u00f3n<\/h3>\n<p class=\"justificar\">Asimismo, la utilizaci\u00f3n del Portal se encuentra sometida igualmente a todos los avisos, reglamentos de uso e instrucciones, puestos en conocimiento del usuario por la Diputaci\u00f3n de Sevilla que sustituyen, completan y\/o modifican el presente Aviso Legal. Con car\u00e1cter general las relaciones entre la Diputaci\u00f3n de Sevilla y los usuarios de sus servicios telem\u00e1ticos, presentes en el Portal, se encuentran sometidas a la legislaci\u00f3n y jurisdicci\u00f3n espa\u00f1olas. Para cualquier cuesti\u00f3n litigiosa ambas partes, la Diputaci\u00f3n de Sevilla y el usuario, con renuncia expresa a cualquier otro fuero que pudiera corresponderles, se someten a la jurisdicci\u00f3n y competencia exclusiva de los Juzgados y Tribunales de Sevilla (Espa\u00f1a).<\/p>\n<h3>Uso y Acceso de Usuarios<\/h3>\n<p class=\"justificar\">El usuario queda informado, y acepta, que el acceso al presente Portal no supone, en modo alguno, el inicio de una relaci\u00f3n contractual con la Diputaci\u00f3n de Sevilla. La instituci\u00f3n se reserva el derecho de efectuar sin previo aviso las modificaciones que considere oportunas en su Portal, pudiendo cambiar, suprimir o a\u00f1adir tanto los contenidos y servicios que se presten a trav\u00e9s del mismo como la forma en la que \u00e9stos aparezcan presentados o localizados en sus servidores. La utilizaci\u00f3n del Portal atribuye la condici\u00f3n de usuario del Portal (en adelante, \u00abusuario\u00bb) e implica la aceptaci\u00f3n plena y sin reservas de todas y cada una de las disposiciones incluidas en este Aviso Legal en la versi\u00f3n publicada por la Diputaci\u00f3n d en el momento mismo en que el Usuario acceda al Portal. En consecuencia, el Usuario debe leer atentamente el presente Aviso Legal en cada una de las ocasiones en que se proponga utilizar el Portal, ya que aqu\u00e9l puede sufrir modificaciones.<\/p>\n<h3>Propiedad Intelectual e Industrial<\/h3>\n<p class=\"justificar\">Los derechos de propiedad intelectual del contenido de las p\u00e1ginas del Portal, su dise\u00f1o gr\u00e1fico y c\u00f3digos son titularidad de la Diputaci\u00f3n de Sevilla, y por tanto queda prohibida su reproducci\u00f3n, distribuci\u00f3n, comunicaci\u00f3n p\u00fablica, transformaci\u00f3n o cualquier otra actividad que se pueda realizar con los contenidos de sus p\u00e1ginas web ni a\u00fan citando las fuentes, salvo consentimiento por escrito de la Diputaci\u00f3n de Sevilla.<\/p>\n<h3>Intercambio o Difusi\u00f3n de Informaci\u00f3n<\/h3>\n<p class=\"justificar\">La Diputaci\u00f3n de Sevilla declina toda responsabilidad que se derive del intercambio de informaci\u00f3n entre usuarios a trav\u00e9s de sus p\u00e1ginas web. La responsabilidad de las manifestaciones difundidas en cualquiera de estas ubicaciones corresponde a quienes las realizan.<\/p>\n<\/div>\n<\/div>\n<div class=\"clear\"><\/div>\n<\/div>\n<\/div>\n<\/div>\n","protected":false},"excerpt":{"rendered":"<p>Pol\u00edtica de Privacidad El presente aviso legal (en adelante, el \u00abAviso Legal\u00bb) regula el uso del servicio del portal de Internet\u00a0https:\/\/www.inproinnova.es\u00a0(en adelante, el \u00abPortal\u00bb) de&hellip;<\/p>\n<p><a href=\"https:\/\/www.inproinnova.es\/index.php\/politica-de-privacidad\/\" class=\"read-more-link\"><span class=\"read-more-icon\"><\/span>Ver m\u00e1s<\/a><\/p>\n","protected":false},"author":3,"featured_media":0,"parent":0,"menu_order":0,"comment_status":"closed","ping_status":"closed","template":"","meta":{"footnotes":""},"class_list":["post-1604","page","type-page","status-publish","hentry"],"_links":{"self":[{"href":"https:\/\/www.inproinnova.es\/index.php\/wp-json\/wp\/v2\/pages\/1604","targetHints":{"allow":["GET"]}}],"collection":[{"href":"https:\/\/www.inproinnova.es\/index.php\/wp-json\/wp\/v2\/pages"}],"about":[{"href":"https:\/\/www.inproinnova.es\/index.php\/wp-json\/wp\/v2\/types\/page"}],"author":[{"embeddable":true,"href":"https:\/\/www.inproinnova.es\/index.php\/wp-json\/wp\/v2\/users\/3"}],"replies":[{"embeddable":true,"href":"https:\/\/www.inproinnova.es\/index.php\/wp-json\/wp\/v2\/comments?post=1604"}],"version-history":[{"count":2,"href":"https:\/\/www.inproinnova.es\/index.php\/wp-json\/wp\/v2\/pages\/1604\/revisions"}],"predecessor-version":[{"id":1616,"href":"https:\/\/www.inproinnova.es\/index.php\/wp-json\/wp\/v2\/pages\/1604\/revisions\/1616"}],"wp:attachment":[{"href":"https:\/\/www.inproinnova.es\/index.php\/wp-json\/wp\/v2\/media?parent=1604"}],"curies":[{"name":"wp","href":"https:\/\/api.w.org\/{rel}","templated":true}]}}